{"id":52,"date":"2019-10-03T14:35:33","date_gmt":"2019-10-03T12:35:33","guid":{"rendered":"http:\/\/hubertsouchaud.fr\/cms\/?page_id=52"},"modified":"2025-03-14T15:39:40","modified_gmt":"2025-03-14T14:39:40","slug":"accueil","status":"publish","type":"page","link":"https:\/\/hubertsouchaud.fr\/cms\/","title":{"rendered":"Tous Travaux Web"},"content":{"rendered":"\n<div style=\"height:100px\" aria-hidden=\"true\" class=\"wp-block-spacer\"><\/div>\n\n\n\n<p class=\"wp-block-paragraph\"><i class=\"fa-home fa\"><\/i> Bonjour, je r\u00e9alise pour vous<strong> tous types de travaux web<\/strong> sur votre site ou futur <strong>site internet<\/strong>.<\/p>\n\n\n\n<p class=\"has-text-color has-background wp-block-paragraph\" style=\"color:#f4f4f4;background-color:#eb0b1e\">\u263b Pour parler de votre projet web, entrez <a href=\"http:\/\/hubertsouchaud.fr\/cms\/contact\/\" class=\"ek-link\">en contact<\/a> avec <i class=\"fa-user-secret fa\"><\/i> <a href=\"http:\/\/hubertsouchaud.free.fr\" class=\"ek-link\"><strong>Hubert Souchaud<\/strong><\/a> Architecte Web Freelance \u00e0 Poitiers \u2014 \u238b <strong><a href=\"https:\/\/hubertsouchaud.fr\/tarifs.html\" class=\"ek-link\">Webmastering<\/a><\/strong><\/p>\n\n\n\n<div style=\"height:100px\" aria-hidden=\"true\" class=\"wp-block-spacer\"><\/div>\n","protected":false},"excerpt":{"rendered":"<p> Bonjour, je r\u00e9alise pour vous tous types de travaux web sur votre site ou futur site internet.<\/p>\n<p>\u263b Pour parler <a href=\"https:\/\/hubertsouchaud.fr\/cms\/\" class=\"more-link\">Continuez\u2026<\/a><\/p>\n","protected":false},"author":1,"featured_media":123,"parent":0,"menu_order":0,"comment_status":"closed","ping_status":"closed","template":"","meta":{"_crdt_document":"","advanced_seo_description":"","jetpack_seo_html_title":"","jetpack_seo_noindex":false,"Layout":"","footnotes":"","_wp_rev_ctl_limit":""},"class_list":["entry","author-dmsr","post-52","page","type-page","status-publish","has-post-thumbnail","odd"],"jetpack-related-posts":[{"id":53,"url":"https:\/\/hubertsouchaud.fr\/cms\/a-propos\/","url_meta":{"origin":52,"position":0},"title":"\u00c0 propos","author":"Hubert Souchaud","date":"3 octobre 2019","format":false,"excerpt":"Vous allez d\u00e9coller ! Je b\u00e2tis et j'entretiens l'ensemble de votre projet web. Votre site, mais aussi l'ensemble de vos donn\u00e9es et services web que vous utilisez par ailleurs\u2026 dans le cloud (les nuages). Je vous forme \u00e0 l'usage de vos outils web marketing, en particulier Wordpress, Google, Facebook et\u2026","rel":"","context":"Article similaire","block_context":{"text":"Article similaire","link":""},"img":{"alt_text":"Avion dans le ciel","src":"https:\/\/i0.wp.com\/hubertsouchaud.fr\/cms\/wp-content\/uploads\/2019\/10\/airplanes_trans.jpg?resize=350%2C200&ssl=1","width":350,"height":200,"srcset":"https:\/\/i0.wp.com\/hubertsouchaud.fr\/cms\/wp-content\/uploads\/2019\/10\/airplanes_trans.jpg?resize=350%2C200&ssl=1 1x, https:\/\/i0.wp.com\/hubertsouchaud.fr\/cms\/wp-content\/uploads\/2019\/10\/airplanes_trans.jpg?resize=525%2C300&ssl=1 1.5x, https:\/\/i0.wp.com\/hubertsouchaud.fr\/cms\/wp-content\/uploads\/2019\/10\/airplanes_trans.jpg?resize=700%2C400&ssl=1 2x, https:\/\/i0.wp.com\/hubertsouchaud.fr\/cms\/wp-content\/uploads\/2019\/10\/airplanes_trans.jpg?resize=1050%2C600&ssl=1 3x"},"classes":[]},{"id":55,"url":"https:\/\/hubertsouchaud.fr\/cms\/contact\/","url_meta":{"origin":52,"position":1},"title":"Contact","author":"Hubert Souchaud","date":"3 octobre 2019","format":false,"excerpt":"Entrer en contact","rel":"","context":"Article similaire","block_context":{"text":"Article similaire","link":""},"img":{"alt_text":"Localisation Hubert Souchaud","src":"https:\/\/i0.wp.com\/hubertsouchaud.fr\/cms\/wp-content\/uploads\/2019\/10\/map%402x.jpg?resize=350%2C200&ssl=1","width":350,"height":200,"srcset":"https:\/\/i0.wp.com\/hubertsouchaud.fr\/cms\/wp-content\/uploads\/2019\/10\/map%402x.jpg?resize=350%2C200&ssl=1 1x, https:\/\/i0.wp.com\/hubertsouchaud.fr\/cms\/wp-content\/uploads\/2019\/10\/map%402x.jpg?resize=525%2C300&ssl=1 1.5x, https:\/\/i0.wp.com\/hubertsouchaud.fr\/cms\/wp-content\/uploads\/2019\/10\/map%402x.jpg?resize=700%2C400&ssl=1 2x, https:\/\/i0.wp.com\/hubertsouchaud.fr\/cms\/wp-content\/uploads\/2019\/10\/map%402x.jpg?resize=1050%2C600&ssl=1 3x"},"classes":[]},{"id":56,"url":"https:\/\/hubertsouchaud.fr\/cms\/newsletter\/","url_meta":{"origin":52,"position":2},"title":"Newsletter","author":"Hubert Souchaud","date":"3 octobre 2019","format":false,"excerpt":"Abonnez-vous et recevez l'actualit\u00e9 du site web par e-mail","rel":"","context":"Article similaire","block_context":{"text":"Article similaire","link":""},"img":{"alt_text":"","src":"","width":0,"height":0},"classes":[]},{"id":3426,"url":"https:\/\/hubertsouchaud.fr\/cms\/logos\/","url_meta":{"origin":52,"position":3},"title":"Logos","author":"Hubert Souchaud","date":"14 f\u00e9vrier 2025","format":false,"excerpt":"Ils ont d\u00e9coll\u00e9 ! clients Cliquez les logos pour visiter des exemples de sites que j'ai d\u00e9velopp\u00e9 sur le web","rel":"","context":"Article similaire","block_context":{"text":"Article similaire","link":""},"img":{"alt_text":"Rezorue","src":"https:\/\/i0.wp.com\/hubertsouchaud.fr\/cms\/wp-content\/uploads\/2025\/02\/rezorue.png?resize=350%2C200&ssl=1","width":350,"height":200},"classes":[]},{"id":54,"url":"https:\/\/hubertsouchaud.fr\/cms\/portfolios\/","url_meta":{"origin":52,"position":4},"title":"Portfolio","author":"Hubert Souchaud","date":"3 octobre 2019","format":false,"excerpt":"Ils m'ont fait confiance Tous les projets","rel":"","context":"Article similaire","block_context":{"text":"Article similaire","link":""},"img":{"alt_text":"Portfolio","src":"https:\/\/i0.wp.com\/hubertsouchaud.fr\/cms\/wp-content\/uploads\/2019\/10\/laptop.png?resize=350%2C200&ssl=1","width":350,"height":200,"srcset":"https:\/\/i0.wp.com\/hubertsouchaud.fr\/cms\/wp-content\/uploads\/2019\/10\/laptop.png?resize=350%2C200&ssl=1 1x, https:\/\/i0.wp.com\/hubertsouchaud.fr\/cms\/wp-content\/uploads\/2019\/10\/laptop.png?resize=525%2C300&ssl=1 1.5x, https:\/\/i0.wp.com\/hubertsouchaud.fr\/cms\/wp-content\/uploads\/2019\/10\/laptop.png?resize=700%2C400&ssl=1 2x, https:\/\/i0.wp.com\/hubertsouchaud.fr\/cms\/wp-content\/uploads\/2019\/10\/laptop.png?resize=1050%2C600&ssl=1 3x"},"classes":[]},{"id":62,"url":"https:\/\/hubertsouchaud.fr\/cms\/plan-du-site\/","url_meta":{"origin":52,"position":5},"title":"Plan du site","author":"Hubert Souchaud","date":"3 octobre 2019","format":false,"excerpt":"","rel":"","context":"Article similaire","block_context":{"text":"Article similaire","link":""},"img":{"alt_text":"","src":"","width":0,"height":0},"classes":[]}],"jetpack_sharing_enabled":true,"jetpack_shortlink":"https:\/\/wp.me\/Pak7s8-Q","_links":{"self":[{"href":"https:\/\/hubertsouchaud.fr\/cms\/wp-json\/wp\/v2\/pages\/52","targetHints":{"allow":["GET"]}}],"collection":[{"href":"https:\/\/hubertsouchaud.fr\/cms\/wp-json\/wp\/v2\/pages"}],"about":[{"href":"https:\/\/hubertsouchaud.fr\/cms\/wp-json\/wp\/v2\/types\/page"}],"author":[{"embeddable":true,"href":"https:\/\/hubertsouchaud.fr\/cms\/wp-json\/wp\/v2\/users\/1"}],"replies":[{"embeddable":true,"href":"https:\/\/hubertsouchaud.fr\/cms\/wp-json\/wp\/v2\/comments?post=52"}],"version-history":[{"count":29,"href":"https:\/\/hubertsouchaud.fr\/cms\/wp-json\/wp\/v2\/pages\/52\/revisions"}],"predecessor-version":[{"id":3775,"href":"https:\/\/hubertsouchaud.fr\/cms\/wp-json\/wp\/v2\/pages\/52\/revisions\/3775"}],"wp:featuredmedia":[{"embeddable":true,"href":"https:\/\/hubertsouchaud.fr\/cms\/wp-json\/wp\/v2\/media\/123"}],"wp:attachment":[{"href":"https:\/\/hubertsouchaud.fr\/cms\/wp-json\/wp\/v2\/media?parent=52"}],"curies":[{"name":"wp","href":"https:\/\/api.w.org\/{rel}","templated":true}]}}