{"id":55,"date":"2019-10-03T14:35:33","date_gmt":"2019-10-03T12:35:33","guid":{"rendered":"http:\/\/hubertsouchaud.fr\/cms\/?page_id=55"},"modified":"2025-02-17T10:34:18","modified_gmt":"2025-02-17T09:34:18","slug":"contact","status":"publish","type":"page","link":"https:\/\/hubertsouchaud.fr\/cms\/contact\/","title":{"rendered":"Contact"},"content":{"rendered":"\n<h2 class=\"wp-block-heading\">Appeler<\/h2>\n\n\n\n<p class=\"has-text-align-center wp-block-paragraph\"> <a href=\"tel:+33950109479\" title=\"Appelez-moi\" class=\"get-in-touch phone tel lang-en lang-es lang-fr lang-pt\" itemprop=\"telephone\" data-content=\"+33950109479\" rel=\"nofollow\"><i class=\"fa fa-phone\" aria-hidden=\"true\"><\/i>&thinsp;<span class=\"data vitrine-tel tel\">09&hairsp;50&hairsp;10&hairsp;94&hairsp;79<\/span><\/a><br> <\/p>\n\n\n\n<h2 class=\"wp-block-heading\">\u00c9crire<\/h2>\n\n\n\n<p class=\"wp-block-paragraph\"><i class=\"fa-envelope fa\"><\/i> Utilisez le formulaire suivant pour envoyer un courrier \u00e9lectronique. <\/p>\n\n\n<div class=\"wp-block-jetpack-contact-form is-layout-flex wp-container-jetpack-contact-form-is-layout-53c17e14 wp-block-jetpack-contact-form-is-layout-flex\"><a href=\"https:\/\/hubertsouchaud.fr\/cms\/contact\/\" target=\"_blank\" rel=\"noopener noreferrer\">Soumettre un formulaire.<\/a><\/div>","protected":false},"excerpt":{"rendered":"<p>Entrer en contact<\/p>\n","protected":false},"author":1,"featured_media":129,"parent":0,"menu_order":5,"comment_status":"closed","ping_status":"closed","template":"","meta":{"_crdt_document":"","advanced_seo_description":"","jetpack_seo_html_title":"","jetpack_seo_noindex":false,"Layout":"","footnotes":"","_wp_rev_ctl_limit":""},"class_list":["entry","author-dmsr","has-excerpt","post-55","page","type-page","status-publish","has-post-thumbnail","odd"],"jetpack-related-posts":[{"id":52,"url":"https:\/\/hubertsouchaud.fr\/cms\/","url_meta":{"origin":55,"position":0},"title":"Tous Travaux Web","author":"Hubert Souchaud","date":"3 octobre 2019","format":false,"excerpt":"Bonjour, je r\u00e9alise pour vous tous types de travaux web sur votre site ou futur site internet. \u263b Pour parler de votre projet web, entrez en contact avec Hubert Souchaud Architecte Web Freelance \u00e0 Poitiers \u2014 \u238b Webmastering","rel":"","context":"Article similaire","block_context":{"text":"Article similaire","link":""},"img":{"alt_text":"Avion dans le ciel","src":"https:\/\/i0.wp.com\/hubertsouchaud.fr\/cms\/wp-content\/uploads\/2019\/10\/airplanes_trans.jpg?resize=350%2C200&ssl=1","width":350,"height":200,"srcset":"https:\/\/i0.wp.com\/hubertsouchaud.fr\/cms\/wp-content\/uploads\/2019\/10\/airplanes_trans.jpg?resize=350%2C200&ssl=1 1x, https:\/\/i0.wp.com\/hubertsouchaud.fr\/cms\/wp-content\/uploads\/2019\/10\/airplanes_trans.jpg?resize=525%2C300&ssl=1 1.5x, https:\/\/i0.wp.com\/hubertsouchaud.fr\/cms\/wp-content\/uploads\/2019\/10\/airplanes_trans.jpg?resize=700%2C400&ssl=1 2x, https:\/\/i0.wp.com\/hubertsouchaud.fr\/cms\/wp-content\/uploads\/2019\/10\/airplanes_trans.jpg?resize=1050%2C600&ssl=1 3x"},"classes":[]},{"id":53,"url":"https:\/\/hubertsouchaud.fr\/cms\/a-propos\/","url_meta":{"origin":55,"position":1},"title":"\u00c0 propos","author":"Hubert Souchaud","date":"3 octobre 2019","format":false,"excerpt":"Vous allez d\u00e9coller ! Je b\u00e2tis et j'entretiens l'ensemble de votre projet web. Votre site, mais aussi l'ensemble de vos donn\u00e9es et services web que vous utilisez par ailleurs\u2026 dans le cloud (les nuages). Je vous forme \u00e0 l'usage de vos outils web marketing, en particulier Wordpress, Google, Facebook et\u2026","rel":"","context":"Article similaire","block_context":{"text":"Article similaire","link":""},"img":{"alt_text":"Avion dans le ciel","src":"https:\/\/i0.wp.com\/hubertsouchaud.fr\/cms\/wp-content\/uploads\/2019\/10\/airplanes_trans.jpg?resize=350%2C200&ssl=1","width":350,"height":200,"srcset":"https:\/\/i0.wp.com\/hubertsouchaud.fr\/cms\/wp-content\/uploads\/2019\/10\/airplanes_trans.jpg?resize=350%2C200&ssl=1 1x, https:\/\/i0.wp.com\/hubertsouchaud.fr\/cms\/wp-content\/uploads\/2019\/10\/airplanes_trans.jpg?resize=525%2C300&ssl=1 1.5x, https:\/\/i0.wp.com\/hubertsouchaud.fr\/cms\/wp-content\/uploads\/2019\/10\/airplanes_trans.jpg?resize=700%2C400&ssl=1 2x, https:\/\/i0.wp.com\/hubertsouchaud.fr\/cms\/wp-content\/uploads\/2019\/10\/airplanes_trans.jpg?resize=1050%2C600&ssl=1 3x"},"classes":[]}],"jetpack_sharing_enabled":true,"jetpack_shortlink":"https:\/\/wp.me\/Pak7s8-T","_links":{"self":[{"href":"https:\/\/hubertsouchaud.fr\/cms\/wp-json\/wp\/v2\/pages\/55","targetHints":{"allow":["GET"]}}],"collection":[{"href":"https:\/\/hubertsouchaud.fr\/cms\/wp-json\/wp\/v2\/pages"}],"about":[{"href":"https:\/\/hubertsouchaud.fr\/cms\/wp-json\/wp\/v2\/types\/page"}],"author":[{"embeddable":true,"href":"https:\/\/hubertsouchaud.fr\/cms\/wp-json\/wp\/v2\/users\/1"}],"replies":[{"embeddable":true,"href":"https:\/\/hubertsouchaud.fr\/cms\/wp-json\/wp\/v2\/comments?post=55"}],"version-history":[{"count":14,"href":"https:\/\/hubertsouchaud.fr\/cms\/wp-json\/wp\/v2\/pages\/55\/revisions"}],"predecessor-version":[{"id":3513,"href":"https:\/\/hubertsouchaud.fr\/cms\/wp-json\/wp\/v2\/pages\/55\/revisions\/3513"}],"wp:featuredmedia":[{"embeddable":true,"href":"https:\/\/hubertsouchaud.fr\/cms\/wp-json\/wp\/v2\/media\/129"}],"wp:attachment":[{"href":"https:\/\/hubertsouchaud.fr\/cms\/wp-json\/wp\/v2\/media?parent=55"}],"curies":[{"name":"wp","href":"https:\/\/api.w.org\/{rel}","templated":true}]}}