{"id":58,"date":"2019-10-03T14:35:33","date_gmt":"2019-10-03T12:35:33","guid":{"rendered":"http:\/\/hubertsouchaud.fr\/cms\/?page_id=58"},"modified":"2025-02-18T08:37:45","modified_gmt":"2025-02-18T07:37:45","slug":"mentions-legales","status":"publish","type":"page","link":"https:\/\/hubertsouchaud.fr\/cms\/mentions-legales\/","title":{"rendered":"Mentions l\u00e9gales"},"content":{"rendered":"<div class=\"wp-block-image caption-align-center\">\n<figure class=\"aligncenter size-full\"><a href=\"https:\/\/hubertsouchaud.fr\"><img loading=\"lazy\" decoding=\"async\" width=\"256\" height=\"256\" data-attachment-id=\"34\" data-permalink=\"https:\/\/hubertsouchaud.fr\/cms\/accueil\/attachment\/logo-256x256\/\" data-orig-file=\"https:\/\/hubertsouchaud.fr\/cms\/wp-content\/uploads\/2018\/12\/logo-256x256.png\" data-orig-size=\"256,256\" data-comments-opened=\"1\" data-image-meta=\"{&quot;aperture&quot;:&quot;0&quot;,&quot;credit&quot;:&quot;&quot;,&quot;camera&quot;:&quot;&quot;,&quot;caption&quot;:&quot;&quot;,&quot;created_timestamp&quot;:&quot;0&quot;,&quot;copyright&quot;:&quot;&quot;,&quot;focal_length&quot;:&quot;0&quot;,&quot;iso&quot;:&quot;0&quot;,&quot;shutter_speed&quot;:&quot;0&quot;,&quot;title&quot;:&quot;&quot;,&quot;orientation&quot;:&quot;0&quot;}\" data-image-title=\"logo-256&amp;#215;256\" data-image-description=\"&lt;p&gt;Logo du site Hubert Souchaud&lt;\/p&gt;\n\" data-image-caption=\"&lt;p&gt;Webmaster Freelance&lt;\/p&gt;\n\" data-large-file=\"https:\/\/hubertsouchaud.fr\/cms\/wp-content\/uploads\/2018\/12\/logo-256x256.png\" src=\"https:\/\/hubertsouchaud.fr\/cms\/wp-content\/uploads\/2018\/12\/logo-256x256.png\" alt=\"Logo Hubert Souchaud\" class=\"wp-image-34\" style=\"aspect-ratio:1;object-fit:cover\" srcset=\"https:\/\/hubertsouchaud.fr\/cms\/wp-content\/uploads\/2018\/12\/logo-256x256.png 256w, https:\/\/hubertsouchaud.fr\/cms\/wp-content\/uploads\/2018\/12\/logo-256x256-50x50.png 50w, https:\/\/hubertsouchaud.fr\/cms\/wp-content\/uploads\/2018\/12\/logo-256x256-150x150.png 150w\" sizes=\"auto, (max-width: 256px) 100vw, 256px\" \/><\/a><\/figure>\n<\/div>\n\n<h2>Fournisseur d'h\u00e9bergement<\/h2><address itemscope itemtype=\"Organization\"><p><strong>GANDI SAS<\/strong><br \/>63-65 boulevard Mass\u00e9na<br \/>75013 Paris \u2013 FRANCE<br \/><a href=<\/address><h2>Editeur du site<\/h2><address itemprop=\"editor\" itemscope itemtype=\"Organization\"><span class=\"adr\" itemprop=\"location address\" itemscope=\"itemscope\" itemtype=\"http:\/\/schema.org\/PostalAddress\"><strong class=\"fn org\" itemprop=\"name\">Monsieur Souchaud Hubert<\/strong>\r<br><span class=\"street-address\" itemprop=\"streetAddress\">26 Grand'Rue<\/span>\r<br><span class=\"postal-code\" itemprop=\"postalCode\">86000<\/span> <span class=\"locality\" itemprop=\"addressLocality\">Poitiers<\/span>\r<br><span class=\"country-name\" itemprop=\"addressCountry\">France<\/span><\/span><\/address><h2>Administrateur du site<\/h2><p><strong>Hubert Souchaud<\/strong><br><a href=\"https:\/\/hubertsouchaud.fr\/cms\/webmaster\/\">Cliquez ici pour contacter le webmaster pour toute assistance technique<\/a><\/p>\n\n\n\n","protected":false},"excerpt":{"rendered":"<p>Bienvenue!<\/p>\n","protected":false},"author":1,"featured_media":0,"parent":0,"menu_order":100,"comment_status":"closed","ping_status":"closed","template":"","meta":{"_crdt_document":"","advanced_seo_description":"","jetpack_seo_html_title":"","jetpack_seo_noindex":false,"Layout":"","footnotes":"","_wp_rev_ctl_limit":""},"class_list":["entry","author-dmsr","has-excerpt","post-58","page","type-page","status-publish","odd"],"jetpack-related-posts":[{"id":57,"url":"https:\/\/hubertsouchaud.fr\/cms\/webmaster\/","url_meta":{"origin":58,"position":0},"title":"Webmaster","author":"Hubert Souchaud","date":"3 octobre 2019","format":false,"excerpt":"Contacter le webmaster","rel":"","context":"Article similaire","block_context":{"text":"Article similaire","link":""},"img":{"alt_text":"","src":"","width":0,"height":0},"classes":[]},{"id":63,"url":"https:\/\/hubertsouchaud.fr\/cms\/demo\/","url_meta":{"origin":58,"position":1},"title":"D\u00e9mo","author":"Hubert Souchaud","date":"3 octobre 2019","format":false,"excerpt":"D\u00e9mo contenu HTML","rel":"","context":"Article similaire","block_context":{"text":"Article similaire","link":""},"img":{"alt_text":"","src":"","width":0,"height":0},"classes":[]},{"id":55,"url":"https:\/\/hubertsouchaud.fr\/cms\/contact\/","url_meta":{"origin":58,"position":2},"title":"Contact","author":"Hubert Souchaud","date":"3 octobre 2019","format":false,"excerpt":"Entrer en contact","rel":"","context":"Article similaire","block_context":{"text":"Article similaire","link":""},"img":{"alt_text":"Localisation Hubert Souchaud","src":"https:\/\/i0.wp.com\/hubertsouchaud.fr\/cms\/wp-content\/uploads\/2019\/10\/map%402x.jpg?resize=350%2C200&ssl=1","width":350,"height":200,"srcset":"https:\/\/i0.wp.com\/hubertsouchaud.fr\/cms\/wp-content\/uploads\/2019\/10\/map%402x.jpg?resize=350%2C200&ssl=1 1x, https:\/\/i0.wp.com\/hubertsouchaud.fr\/cms\/wp-content\/uploads\/2019\/10\/map%402x.jpg?resize=525%2C300&ssl=1 1.5x, https:\/\/i0.wp.com\/hubertsouchaud.fr\/cms\/wp-content\/uploads\/2019\/10\/map%402x.jpg?resize=700%2C400&ssl=1 2x, https:\/\/i0.wp.com\/hubertsouchaud.fr\/cms\/wp-content\/uploads\/2019\/10\/map%402x.jpg?resize=1050%2C600&ssl=1 3x"},"classes":[]},{"id":53,"url":"https:\/\/hubertsouchaud.fr\/cms\/a-propos\/","url_meta":{"origin":58,"position":3},"title":"\u00c0 propos","author":"Hubert Souchaud","date":"3 octobre 2019","format":false,"excerpt":"Vous allez d\u00e9coller ! Je b\u00e2tis et j'entretiens l'ensemble de votre projet web. Votre site, mais aussi l'ensemble de vos donn\u00e9es et services web que vous utilisez par ailleurs\u2026 dans le cloud (les nuages). Je vous forme \u00e0 l'usage de vos outils web marketing, en particulier Wordpress, Google, Facebook et\u2026","rel":"","context":"Article similaire","block_context":{"text":"Article similaire","link":""},"img":{"alt_text":"Avion dans le ciel","src":"https:\/\/i0.wp.com\/hubertsouchaud.fr\/cms\/wp-content\/uploads\/2019\/10\/airplanes_trans.jpg?resize=350%2C200&ssl=1","width":350,"height":200,"srcset":"https:\/\/i0.wp.com\/hubertsouchaud.fr\/cms\/wp-content\/uploads\/2019\/10\/airplanes_trans.jpg?resize=350%2C200&ssl=1 1x, https:\/\/i0.wp.com\/hubertsouchaud.fr\/cms\/wp-content\/uploads\/2019\/10\/airplanes_trans.jpg?resize=525%2C300&ssl=1 1.5x, https:\/\/i0.wp.com\/hubertsouchaud.fr\/cms\/wp-content\/uploads\/2019\/10\/airplanes_trans.jpg?resize=700%2C400&ssl=1 2x, https:\/\/i0.wp.com\/hubertsouchaud.fr\/cms\/wp-content\/uploads\/2019\/10\/airplanes_trans.jpg?resize=1050%2C600&ssl=1 3x"},"classes":[]}],"jetpack_sharing_enabled":true,"jetpack_shortlink":"https:\/\/wp.me\/Pak7s8-W","_links":{"self":[{"href":"https:\/\/hubertsouchaud.fr\/cms\/wp-json\/wp\/v2\/pages\/58","targetHints":{"allow":["GET"]}}],"collection":[{"href":"https:\/\/hubertsouchaud.fr\/cms\/wp-json\/wp\/v2\/pages"}],"about":[{"href":"https:\/\/hubertsouchaud.fr\/cms\/wp-json\/wp\/v2\/types\/page"}],"author":[{"embeddable":true,"href":"https:\/\/hubertsouchaud.fr\/cms\/wp-json\/wp\/v2\/users\/1"}],"replies":[{"embeddable":true,"href":"https:\/\/hubertsouchaud.fr\/cms\/wp-json\/wp\/v2\/comments?post=58"}],"version-history":[{"count":12,"href":"https:\/\/hubertsouchaud.fr\/cms\/wp-json\/wp\/v2\/pages\/58\/revisions"}],"predecessor-version":[{"id":3531,"href":"https:\/\/hubertsouchaud.fr\/cms\/wp-json\/wp\/v2\/pages\/58\/revisions\/3531"}],"wp:attachment":[{"href":"https:\/\/hubertsouchaud.fr\/cms\/wp-json\/wp\/v2\/media?parent=58"}],"curies":[{"name":"wp","href":"https:\/\/api.w.org\/{rel}","templated":true}]}}