{"id":62,"date":"2019-10-03T14:35:33","date_gmt":"2019-10-03T12:35:33","guid":{"rendered":"http:\/\/hubertsouchaud.fr\/cms\/?page_id=62"},"modified":"2025-02-16T18:40:47","modified_gmt":"2025-02-16T17:40:47","slug":"plan-du-site","status":"publish","type":"page","link":"https:\/\/hubertsouchaud.fr\/cms\/plan-du-site\/","title":{"rendered":"Plan du site"},"content":{"rendered":"<ul class=\"jetpack-sitemap-shortcode\"><li class=\"pagenav\"><b><a href=\"\/\">Hubert Souchaud<\/a><\/b><ul><li class=\"page_item page-item-42 current_page_parent\"><a href=\"https:\/\/hubertsouchaud.fr\/cms\/blog\/\">Blog<\/a><\/li>\n<li class=\"page_item page-item-3426\"><a href=\"https:\/\/hubertsouchaud.fr\/cms\/logos\/\">Logos<\/a><\/li>\n<li class=\"page_item page-item-53\"><a href=\"https:\/\/hubertsouchaud.fr\/cms\/a-propos\/\">\u00c0 propos<\/a><\/li>\n<li class=\"page_item page-item-54\"><a href=\"https:\/\/hubertsouchaud.fr\/cms\/portfolios\/\">Portfolio<\/a><\/li>\n<li class=\"page_item page-item-55\"><a href=\"https:\/\/hubertsouchaud.fr\/cms\/contact\/\">Contact<\/a><\/li>\n<li class=\"page_item page-item-56\"><a href=\"https:\/\/hubertsouchaud.fr\/cms\/newsletter\/\">Newsletter<\/a><\/li>\n<li class=\"page_item page-item-57\"><a href=\"https:\/\/hubertsouchaud.fr\/cms\/webmaster\/\">Webmaster<\/a><\/li>\n<li class=\"page_item page-item-58\"><a href=\"https:\/\/hubertsouchaud.fr\/cms\/mentions-legales\/\">Mentions l\u00e9gales<\/a><\/li>\n<li class=\"page_item page-item-62\"><a href=\"https:\/\/hubertsouchaud.fr\/cms\/plan-du-site\/\">Plan du site<\/a><\/li>\n<li class=\"page_item page-item-63\"><a href=\"https:\/\/hubertsouchaud.fr\/cms\/demo\/\">D\u00e9mo<\/a><\/li>\n<\/ul><\/li><\/ul>\n\n\n\n<!--more-->\n\n\n\n<div class=\"wp-block-columns has-2-columns is-layout-flex wp-container-core-columns-is-layout-8f761849 wp-block-columns-is-layout-flex\">\n<div class=\"wp-block-column is-layout-flow wp-block-column-is-layout-flow\"><div class=\"clean-my-archives\"><h2 class=\"month-year\"><a href=\"https:\/\/hubertsouchaud.fr\/cms\/2019\/10\/\">octobre 2019<\/a><\/h2><ul><li><span class=\"day\">03:<\/span> <a href=\"https:\/\/hubertsouchaud.fr\/cms\/non-classe\/re-re-salut-tout-le-monde\/\" rel=\"bookmark\">RE-RE-Salut tout le monde !<\/a> <span class=\"comments-number\">(0)<\/span><\/li><li class=\"day-duplicate\"><span class=\"day\">03:<\/span> <a href=\"https:\/\/hubertsouchaud.fr\/cms\/non-classe\/une-4eme-sans-image-et-sans-accroche\/\" rel=\"bookmark\">RE-RE-RE-RE<\/a> <span class=\"comments-number\">(0)<\/span><\/li><li class=\"day-duplicate\"><span class=\"day\">03:<\/span> <a href=\"https:\/\/hubertsouchaud.fr\/cms\/non-classe\/re-salut-tout-le-monde\/\" rel=\"bookmark\">RE-Salut tout le monde !<\/a> <span class=\"comments-number\">(0)<\/span><\/li><\/ul><h2 class=\"month-year\"><a href=\"https:\/\/hubertsouchaud.fr\/cms\/2012\/01\/\">janvier 2012<\/a><\/h2><ul><li><span class=\"day\">01:<\/span> <a href=\"https:\/\/hubertsouchaud.fr\/cms\/non-classe\/bonjour-tout-le-monde\/\" rel=\"bookmark\">Bonjour tout le monde\u00a0!<\/a> <span class=\"comments-number\">(1)<\/span><\/li><\/ul><\/div>\n\n\n\n<p class=\"wp-block-paragraph\"><\/p>\n<\/div>\n<\/div>\n\n\n\n<hr class=\"wp-block-separator has-css-opacity\"\/>\n","protected":false},"excerpt":{"rendered":"<p>Bienvenue sur WordPress. Ceci est votre premier article. Modifiez-le ou supprimez-le, puis lancez-vous&nbsp;!<\/p>\n","protected":false},"author":1,"featured_media":0,"parent":0,"menu_order":1000,"comment_status":"closed","ping_status":"closed","template":"","meta":{"_crdt_document":"","advanced_seo_description":"","jetpack_seo_html_title":"","jetpack_seo_noindex":false,"Layout":"","footnotes":"","_wp_rev_ctl_limit":""},"class_list":["entry","author-dmsr","has-more-link","post-62","page","type-page","status-publish","odd"],"jetpack-related-posts":[{"id":56,"url":"https:\/\/hubertsouchaud.fr\/cms\/newsletter\/","url_meta":{"origin":62,"position":0},"title":"Newsletter","author":"Hubert Souchaud","date":"3 octobre 2019","format":false,"excerpt":"Abonnez-vous et recevez l'actualit\u00e9 du site web par e-mail","rel":"","context":"Article similaire","block_context":{"text":"Article similaire","link":""},"img":{"alt_text":"","src":"","width":0,"height":0},"classes":[]},{"id":53,"url":"https:\/\/hubertsouchaud.fr\/cms\/a-propos\/","url_meta":{"origin":62,"position":1},"title":"\u00c0 propos","author":"Hubert Souchaud","date":"3 octobre 2019","format":false,"excerpt":"Vous allez d\u00e9coller ! Je b\u00e2tis et j'entretiens l'ensemble de votre projet web. Votre site, mais aussi l'ensemble de vos donn\u00e9es et services web que vous utilisez par ailleurs\u2026 dans le cloud (les nuages). Je vous forme \u00e0 l'usage de vos outils web marketing, en particulier Wordpress, Google, Facebook et\u2026","rel":"","context":"Article similaire","block_context":{"text":"Article similaire","link":""},"img":{"alt_text":"Avion dans le ciel","src":"https:\/\/i0.wp.com\/hubertsouchaud.fr\/cms\/wp-content\/uploads\/2019\/10\/airplanes_trans.jpg?resize=350%2C200&ssl=1","width":350,"height":200,"srcset":"https:\/\/i0.wp.com\/hubertsouchaud.fr\/cms\/wp-content\/uploads\/2019\/10\/airplanes_trans.jpg?resize=350%2C200&ssl=1 1x, https:\/\/i0.wp.com\/hubertsouchaud.fr\/cms\/wp-content\/uploads\/2019\/10\/airplanes_trans.jpg?resize=525%2C300&ssl=1 1.5x, https:\/\/i0.wp.com\/hubertsouchaud.fr\/cms\/wp-content\/uploads\/2019\/10\/airplanes_trans.jpg?resize=700%2C400&ssl=1 2x, https:\/\/i0.wp.com\/hubertsouchaud.fr\/cms\/wp-content\/uploads\/2019\/10\/airplanes_trans.jpg?resize=1050%2C600&ssl=1 3x"},"classes":[]},{"id":52,"url":"https:\/\/hubertsouchaud.fr\/cms\/","url_meta":{"origin":62,"position":2},"title":"Tous Travaux Web","author":"Hubert Souchaud","date":"3 octobre 2019","format":false,"excerpt":"Bonjour, je r\u00e9alise pour vous tous types de travaux web sur votre site ou futur site internet. \u263b Pour parler de votre projet web, entrez en contact avec Hubert Souchaud Architecte Web Freelance \u00e0 Poitiers \u2014 \u238b Webmastering","rel":"","context":"Article similaire","block_context":{"text":"Article similaire","link":""},"img":{"alt_text":"Avion dans le ciel","src":"https:\/\/i0.wp.com\/hubertsouchaud.fr\/cms\/wp-content\/uploads\/2019\/10\/airplanes_trans.jpg?resize=350%2C200&ssl=1","width":350,"height":200,"srcset":"https:\/\/i0.wp.com\/hubertsouchaud.fr\/cms\/wp-content\/uploads\/2019\/10\/airplanes_trans.jpg?resize=350%2C200&ssl=1 1x, https:\/\/i0.wp.com\/hubertsouchaud.fr\/cms\/wp-content\/uploads\/2019\/10\/airplanes_trans.jpg?resize=525%2C300&ssl=1 1.5x, https:\/\/i0.wp.com\/hubertsouchaud.fr\/cms\/wp-content\/uploads\/2019\/10\/airplanes_trans.jpg?resize=700%2C400&ssl=1 2x, https:\/\/i0.wp.com\/hubertsouchaud.fr\/cms\/wp-content\/uploads\/2019\/10\/airplanes_trans.jpg?resize=1050%2C600&ssl=1 3x"},"classes":[]}],"jetpack_sharing_enabled":true,"jetpack_shortlink":"https:\/\/wp.me\/Pak7s8-10","_links":{"self":[{"href":"https:\/\/hubertsouchaud.fr\/cms\/wp-json\/wp\/v2\/pages\/62","targetHints":{"allow":["GET"]}}],"collection":[{"href":"https:\/\/hubertsouchaud.fr\/cms\/wp-json\/wp\/v2\/pages"}],"about":[{"href":"https:\/\/hubertsouchaud.fr\/cms\/wp-json\/wp\/v2\/types\/page"}],"author":[{"embeddable":true,"href":"https:\/\/hubertsouchaud.fr\/cms\/wp-json\/wp\/v2\/users\/1"}],"replies":[{"embeddable":true,"href":"https:\/\/hubertsouchaud.fr\/cms\/wp-json\/wp\/v2\/comments?post=62"}],"version-history":[{"count":17,"href":"https:\/\/hubertsouchaud.fr\/cms\/wp-json\/wp\/v2\/pages\/62\/revisions"}],"predecessor-version":[{"id":3494,"href":"https:\/\/hubertsouchaud.fr\/cms\/wp-json\/wp\/v2\/pages\/62\/revisions\/3494"}],"wp:attachment":[{"href":"https:\/\/hubertsouchaud.fr\/cms\/wp-json\/wp\/v2\/media?parent=62"}],"curies":[{"name":"wp","href":"https:\/\/api.w.org\/{rel}","templated":true}]}}